{"id":1415,"date":"2016-02-12T07:54:41","date_gmt":"2016-02-12T07:54:41","guid":{"rendered":"http:\/\/demos.famethemes.com\/onepress\/?page_id=4"},"modified":"2022-11-27T15:23:06","modified_gmt":"2022-11-27T14:23:06","slug":"home","status":"publish","type":"page","link":"https:\/\/zannam.cz\/","title":{"rendered":"Home"},"content":{"rendered":"","protected":false},"excerpt":{"rendered":"","protected":false},"author":3,"featured_media":0,"parent":0,"menu_order":0,"comment_status":"closed","ping_status":"closed","template":"template-frontpage.php","meta":{"footnotes":""},"class_list":["post-1415","page","type-page","status-publish","hentry"],"yoast_head":"<!-- This site is optimized with the Yoast SEO plugin v27.5 - https:\/\/yoast.com\/product\/yoast-seo-wordpress\/ -->\n<title>Home - Hotel Zannam<\/title>\n<meta name=\"robots\" content=\"index, follow, max-snippet:-1, max-image-preview:large, max-video-preview:-1\" \/>\n<link rel=\"canonical\" href=\"https:\/\/zannam.cz\/\" \/>\n<meta property=\"og:locale\" content=\"cs_CZ\" \/>\n<meta property=\"og:type\" content=\"article\" \/>\n<meta property=\"og:title\" content=\"Home - Hotel Zannam\" \/>\n<meta property=\"og:url\" content=\"https:\/\/zannam.cz\/\" \/>\n<meta property=\"og:site_name\" content=\"Hotel Zannam\" \/>\n<meta property=\"article:modified_time\" content=\"2022-11-27T14:23:06+00:00\" \/>\n<meta name=\"twitter:card\" content=\"summary_large_image\" \/>\n<script type=\"application\/ld+json\" class=\"yoast-schema-graph\">{\"@context\":\"https:\\\/\\\/schema.org\",\"@graph\":[{\"@type\":\"WebPage\",\"@id\":\"https:\\\/\\\/zannam.cz\\\/\",\"url\":\"https:\\\/\\\/zannam.cz\\\/\",\"name\":\"Home - Hotel Zannam\",\"isPartOf\":{\"@id\":\"https:\\\/\\\/zannam.cz\\\/#website\"},\"datePublished\":\"2016-02-12T07:54:41+00:00\",\"dateModified\":\"2022-11-27T14:23:06+00:00\",\"breadcrumb\":{\"@id\":\"https:\\\/\\\/zannam.cz\\\/#breadcrumb\"},\"inLanguage\":\"cs\",\"potentialAction\":[{\"@type\":\"ReadAction\",\"target\":[\"https:\\\/\\\/zannam.cz\\\/\"]}]},{\"@type\":\"BreadcrumbList\",\"@id\":\"https:\\\/\\\/zannam.cz\\\/#breadcrumb\",\"itemListElement\":[{\"@type\":\"ListItem\",\"position\":1,\"name\":\"Dom\u016f\",\"item\":\"https:\\\/\\\/zannam.cz\\\/\"},{\"@type\":\"ListItem\",\"position\":2,\"name\":\"Home\"}]},{\"@type\":\"WebSite\",\"@id\":\"https:\\\/\\\/zannam.cz\\\/#website\",\"url\":\"https:\\\/\\\/zannam.cz\\\/\",\"name\":\"Hotel Zannam\",\"description\":\"\u00datuln\u00fd hotel v srdci Brna - Malom\u011b\u0159ic\",\"publisher\":{\"@id\":\"https:\\\/\\\/zannam.cz\\\/#organization\"},\"potentialAction\":[{\"@type\":\"SearchAction\",\"target\":{\"@type\":\"EntryPoint\",\"urlTemplate\":\"https:\\\/\\\/zannam.cz\\\/?s={search_term_string}\"},\"query-input\":{\"@type\":\"PropertyValueSpecification\",\"valueRequired\":true,\"valueName\":\"search_term_string\"}}],\"inLanguage\":\"cs\"},{\"@type\":\"Organization\",\"@id\":\"https:\\\/\\\/zannam.cz\\\/#organization\",\"name\":\"Hotel Zannam\",\"url\":\"https:\\\/\\\/zannam.cz\\\/\",\"logo\":{\"@type\":\"ImageObject\",\"inLanguage\":\"cs\",\"@id\":\"https:\\\/\\\/zannam.cz\\\/#\\\/schema\\\/logo\\\/image\\\/\",\"url\":\"https:\\\/\\\/zannam.cz\\\/wp-content\\\/uploads\\\/2021\\\/11\\\/logo-e1635977012680.png\",\"contentUrl\":\"https:\\\/\\\/zannam.cz\\\/wp-content\\\/uploads\\\/2021\\\/11\\\/logo-e1635977012680.png\",\"width\":160,\"height\":30,\"caption\":\"Hotel Zannam\"},\"image\":{\"@id\":\"https:\\\/\\\/zannam.cz\\\/#\\\/schema\\\/logo\\\/image\\\/\"}}]}<\/script>\n<!-- \/ Yoast SEO plugin. -->","yoast_head_json":{"title":"Home - Hotel Zannam","robots":{"index":"index","follow":"follow","max-snippet":"max-snippet:-1","max-image-preview":"max-image-preview:large","max-video-preview":"max-video-preview:-1"},"canonical":"https:\/\/zannam.cz\/","og_locale":"cs_CZ","og_type":"article","og_title":"Home - Hotel Zannam","og_url":"https:\/\/zannam.cz\/","og_site_name":"Hotel Zannam","article_modified_time":"2022-11-27T14:23:06+00:00","twitter_card":"summary_large_image","schema":{"@context":"https:\/\/schema.org","@graph":[{"@type":"WebPage","@id":"https:\/\/zannam.cz\/","url":"https:\/\/zannam.cz\/","name":"Home - Hotel Zannam","isPartOf":{"@id":"https:\/\/zannam.cz\/#website"},"datePublished":"2016-02-12T07:54:41+00:00","dateModified":"2022-11-27T14:23:06+00:00","breadcrumb":{"@id":"https:\/\/zannam.cz\/#breadcrumb"},"inLanguage":"cs","potentialAction":[{"@type":"ReadAction","target":["https:\/\/zannam.cz\/"]}]},{"@type":"BreadcrumbList","@id":"https:\/\/zannam.cz\/#breadcrumb","itemListElement":[{"@type":"ListItem","position":1,"name":"Dom\u016f","item":"https:\/\/zannam.cz\/"},{"@type":"ListItem","position":2,"name":"Home"}]},{"@type":"WebSite","@id":"https:\/\/zannam.cz\/#website","url":"https:\/\/zannam.cz\/","name":"Hotel Zannam","description":"\u00datuln\u00fd hotel v srdci Brna - Malom\u011b\u0159ic","publisher":{"@id":"https:\/\/zannam.cz\/#organization"},"potentialAction":[{"@type":"SearchAction","target":{"@type":"EntryPoint","urlTemplate":"https:\/\/zannam.cz\/?s={search_term_string}"},"query-input":{"@type":"PropertyValueSpecification","valueRequired":true,"valueName":"search_term_string"}}],"inLanguage":"cs"},{"@type":"Organization","@id":"https:\/\/zannam.cz\/#organization","name":"Hotel Zannam","url":"https:\/\/zannam.cz\/","logo":{"@type":"ImageObject","inLanguage":"cs","@id":"https:\/\/zannam.cz\/#\/schema\/logo\/image\/","url":"https:\/\/zannam.cz\/wp-content\/uploads\/2021\/11\/logo-e1635977012680.png","contentUrl":"https:\/\/zannam.cz\/wp-content\/uploads\/2021\/11\/logo-e1635977012680.png","width":160,"height":30,"caption":"Hotel Zannam"},"image":{"@id":"https:\/\/zannam.cz\/#\/schema\/logo\/image\/"}}]}},"_links":{"self":[{"href":"https:\/\/zannam.cz\/index.php?rest_route=\/wp\/v2\/pages\/1415","targetHints":{"allow":["GET"]}}],"collection":[{"href":"https:\/\/zannam.cz\/index.php?rest_route=\/wp\/v2\/pages"}],"about":[{"href":"https:\/\/zannam.cz\/index.php?rest_route=\/wp\/v2\/types\/page"}],"author":[{"embeddable":true,"href":"https:\/\/zannam.cz\/index.php?rest_route=\/wp\/v2\/users\/3"}],"replies":[{"embeddable":true,"href":"https:\/\/zannam.cz\/index.php?rest_route=%2Fwp%2Fv2%2Fcomments&post=1415"}],"version-history":[{"count":1,"href":"https:\/\/zannam.cz\/index.php?rest_route=\/wp\/v2\/pages\/1415\/revisions"}],"predecessor-version":[{"id":1603,"href":"https:\/\/zannam.cz\/index.php?rest_route=\/wp\/v2\/pages\/1415\/revisions\/1603"}],"wp:attachment":[{"href":"https:\/\/zannam.cz\/index.php?rest_route=%2Fwp%2Fv2%2Fmedia&parent=1415"}],"curies":[{"name":"wp","href":"https:\/\/api.w.org\/{rel}","templated":true}]}}